{"id":1309,"date":"2024-01-02T15:15:21","date_gmt":"2024-01-02T15:15:21","guid":{"rendered":"https:\/\/kiapu.com\/kiapu\/"},"modified":"2024-01-03T21:25:28","modified_gmt":"2024-01-03T21:25:28","slug":"kiapu","status":"publish","type":"page","link":"https:\/\/kiapu.com\/ca\/kiapu\/","title":{"rendered":"Kiapu?"},"content":{"rendered":"<div class=\"gb-container gb-container-b6b56808\">\n\n<h1 class=\"wp-block-heading has-text-align-center\">Perqu\u00e8 Kiapu?<\/h1>\n\n<\/div><div class=\"gb-container gb-container-70b3019e\">\n\n<h2 class=\"gb-headline gb-headline-92bf6659 gb-headline-text\">Kiapu significa dues coses:<\/h2>\n\n<\/div><div class=\"gb-container gb-container-e989da16\">\n<div class=\"gb-container gb-container-fd2aa364\">\n<div class=\"gb-grid-wrapper gb-grid-wrapper-560047e3\">\n<div class=\"gb-grid-column gb-grid-column-e22d4795\"><div class=\"gb-container gb-container-e22d4795\">\n\n<p class=\"has-text-align-right has-medium-font-size\">Kiapu \u00e9s una paraula hawaiana que significa &#8220;guardi\u00e0&#8221;, encapsula l&#8217;ess\u00e8ncia del nostre producte de protecci\u00f3 d&#8217;entorns web.<\/p>\n\n<\/div><\/div>\n\n<div class=\"gb-grid-column gb-grid-column-0e46d6f4\"><div class=\"gb-container gb-container-0e46d6f4\">\n\n<figure class=\"gb-block-image gb-block-image-aac1ac18\"><img loading=\"lazy\" decoding=\"async\" width=\"800\" height=\"559\" class=\"gb-image gb-image-aac1ac18\" src=\"https:\/\/kiapu.com\/wp-content\/uploads\/2024\/01\/escudo.gif\" alt=\"\" title=\"escut\"><\/figure>\n\n<\/div><\/div>\n<\/div>\n<\/div>\n\n<div class=\"gb-container gb-container-add61e40\">\n<div class=\"gb-grid-wrapper gb-grid-wrapper-b38fbcc6\">\n<div class=\"gb-grid-column gb-grid-column-3b535a9b\"><div class=\"gb-container gb-container-3b535a9b\">\n\n<figure class=\"gb-block-image gb-block-image-38859caf\"><img loading=\"lazy\" decoding=\"async\" width=\"800\" height=\"559\" class=\"gb-image gb-image-38859caf\" src=\"https:\/\/kiapu.com\/wp-content\/uploads\/2024\/01\/flors.gif\" alt=\"\" title=\"flors\"><\/figure>\n\n<\/div><\/div>\n\n<div class=\"gb-grid-column gb-grid-column-69c197c4\"><div class=\"gb-container gb-container-69c197c4\">\n\n<p class=\"has-medium-font-size\">Kiapu tamb\u00e9 \u00e9s una planta (Pistia stratiotes), i com que la nostra soluci\u00f3 es dedica a promoure l&#8217;ecologia, ens encaixa el nom.<\/p>\n\n<\/div><\/div>\n<\/div>\n<\/div>\n<\/div><div class=\"gb-container gb-container-66785b4f\">\n\n<p><\/p>\n\n<\/div>","protected":false},"excerpt":{"rendered":"<p>Perqu\u00e8 Kiapu? Kiapu significa dues coses:<\/p>\n","protected":false},"author":1,"featured_media":0,"parent":0,"menu_order":0,"comment_status":"closed","ping_status":"closed","template":"","meta":{"inline_featured_image":false,"footnotes":""},"class_list":["post-1309","page","type-page","status-publish"],"_links":{"self":[{"href":"https:\/\/kiapu.com\/ca\/wp-json\/wp\/v2\/pages\/1309","targetHints":{"allow":["GET"]}}],"collection":[{"href":"https:\/\/kiapu.com\/ca\/wp-json\/wp\/v2\/pages"}],"about":[{"href":"https:\/\/kiapu.com\/ca\/wp-json\/wp\/v2\/types\/page"}],"author":[{"embeddable":true,"href":"https:\/\/kiapu.com\/ca\/wp-json\/wp\/v2\/users\/1"}],"replies":[{"embeddable":true,"href":"https:\/\/kiapu.com\/ca\/wp-json\/wp\/v2\/comments?post=1309"}],"version-history":[{"count":0,"href":"https:\/\/kiapu.com\/ca\/wp-json\/wp\/v2\/pages\/1309\/revisions"}],"wp:attachment":[{"href":"https:\/\/kiapu.com\/ca\/wp-json\/wp\/v2\/media?parent=1309"}],"curies":[{"name":"wp","href":"https:\/\/api.w.org\/{rel}","templated":true}]}}