{"id":1310,"date":"2023-12-19T13:42:07","date_gmt":"2023-12-19T13:42:07","guid":{"rendered":"https:\/\/kiapu.com\/politica-de-privadesa\/"},"modified":"2024-01-04T14:19:35","modified_gmt":"2024-01-04T14:19:35","slug":"politica-de-privadesa","status":"publish","type":"page","link":"https:\/\/kiapu.com\/ca\/politica-de-privadesa\/","title":{"rendered":"Pol\u00edtica de privadesa"},"content":{"rendered":"\n<p>La seva privadesa i seguretat s\u00f3n importants per a nosaltres. A continuaci\u00f3 us expliquem quines dades personals recopilem dels nostres usuaris i com les utilitzem. Cal advertir que aquesta Pol\u00edtica de Privadesa podria variar en funci\u00f3 d&#8217;exig\u00e8ncies legislatives o d&#8217;autoregulaci\u00f3, per la qual cosa s&#8217;aconsella als usuaris que la visitin peri\u00f2dicament.<\/p>\n\n<p><strong>Qui \u00e9s el responsable del tractament de les vostres dades?<\/strong><\/p>\n\n<p>L&#8217;empresa Erigin Creacions SL amb CIF B64139025 amb adre\u00e7a a Pg Merla 6 oficina A de Sant Cugat del Vall\u00e8s CP 08197 Prov\u00edncia de Barcelona i tel\u00e8fon 932101212 us informa que les dades de car\u00e0cter personal que ens proporcioneu seran tractades conforme al Reglament 2016\/679 del Parlament Europeu i del Consell de 27 d&#8217;abril del 2016.<br\/>Per al tractament de dades dels nostres usuaris implementem totes les mesures t\u00e8cniques i organitzatives de seguretat establertes a la legislaci\u00f3 vigent.<\/p>\n\n<p><strong>Amb quines finalitats tractarem les vostres dades?<\/strong><\/p>\n\n<p>Les dades personals seran tractades amb la finalitat de gestionar tots els aspectes de la relaci\u00f3 mercantil\/contractual establerta entre les parts. La base jur\u00eddica per als tractaments de dades esmentats \u00e9s l&#8217;execuci\u00f3 del contracte o de la relaci\u00f3 existent entre les parts.<\/p>\n\n<p>Aix\u00ed mateix, les vostres dades podran ser tractades amb la finalitat de remetre-li, per qualsevol mitj\u00e0 incloent l&#8217;electr\u00f2nic, informaci\u00f3 sobre els productes i\/o serveis prestats.<br\/>La base jur\u00eddica del tractament \u00e9s l&#8217;inter\u00e8s leg\u00edtim de mantenir informats els seus clients sobre els seus productes i\/o serveis.<\/p>\n\n<p><strong>Durant quant de temps conservarem les vostres dades?<\/strong><\/p>\n\n<p>Les seves dades seran conservades durant el per\u00edode de vig\u00e8ncia de la relaci\u00f3 entre les parts, una vegada finalitzada, es conservaran, degudament bloquejades, durant tot el temps en qu\u00e8 sigui necess\u00e0ria la seva conservaci\u00f3 per atendre els requeriments legals aplicables. Aquest termini de conservaci\u00f3 es determina sobre la base de la legislaci\u00f3 aplicable en cada moment.<\/p>\n\n<p><strong>Quina \u00e9s la legitimaci\u00f3 per al tractament de les vostres dades?<\/strong><\/p>\n\n<p>La base legal per al tractament de les dades i les cessions \u00e9s l&#8217;exist\u00e8ncia de la relaci\u00f3 mercantil, aix\u00ed com el compliment de les possibles obligacions legals que se&#8217;n deriven.<\/p>\n\n<p><strong>Amb qui compartirem les vostres dades?<\/strong><\/p>\n\n<p>Les vostres dades podran ser comunicades a tercers quan sigui necessari per al correcte desenvolupament i control de la relaci\u00f3 entre les parts (per exemple, a entitats banc\u00e0ries) o quan una llei aix\u00ed ho requereixi (per exemple, a l&#8217;administraci\u00f3 tribut\u00e0ria).<\/p>\n\n<p><strong>Com protegim les vostres dades?<\/strong><\/p>\n\n<p>Hem definit pol\u00edtiques de seguretat i procediments per garantir la confidencialitat de les dades.<br\/>Podem contractar determinats serveis a tercers que poden suposar l&#8217;acc\u00e9s i\/o tractament de dades personals, per\u00f2, en tot cas, s&#8217;exigeix \u200b\u200bque els tercers compleixin amb la legislaci\u00f3 vigent i amb les nostres pol\u00edtiques de seguretat, havent de garantir l&#8217;\u00fas de la informaci\u00f3 conforme a les instruccions que els donem i implantant les mesures t\u00e8cniques i organitzatives apropiades per garantir la confidencialitat de la informaci\u00f3.<\/p>\n\n<p><strong>Quins s\u00f3n els vostres drets en mat\u00e8ria de protecci\u00f3 de dades?<\/strong><\/p>\n\n<p>Donat al reglament 2016\/679 del parlament europeu i del consell de 27 dabril de 2016. Teniu reconeguts els drets d&#8217;acc\u00e9s, rectificaci\u00f3, supressi\u00f3, oposici\u00f3, limitaci\u00f3, portabilitat i el dret a presentar una reclamaci\u00f3 davant les Autoritats de Control. Els que podreu exercir a trav\u00e9s de correu postal a l&#8217;adre\u00e7a Pg Merla 6 oficina a Sant Cugat del Vall\u00e8s o per mail a info@kiapu.tempurl.host. Mitjan\u00e7ant sol\u00b7licitud escrita i signada en qu\u00e8 es continguin les dades seg\u00fcents: Nom i cognoms, domicili a efectes de notificacions, juntament amb prova v\u00e0lida en dret, com a fotoc\u00f2pia del DNI o equivalent, i la petici\u00f3 en qu\u00e8 es concreti la sol\u00b7licitudSuggested text: Visitor comments mai be checked through an automated spam detection service.<\/p>\n","protected":false},"excerpt":{"rendered":"<p>La seva privadesa i seguretat s\u00f3n importants per a nosaltres. A continuaci\u00f3 us expliquem quines dades personals recopilem dels nostres usuaris i com les utilitzem. Cal advertir que aquesta Pol\u00edtica de Privadesa podria variar en funci\u00f3 d&#8217;exig\u00e8ncies legislatives o d&#8217;autoregulaci\u00f3, per la qual cosa s&#8217;aconsella als usuaris que la visitin peri\u00f2dicament. Qui \u00e9s el responsable &#8230; <a title=\"Pol\u00edtica de privadesa\" class=\"read-more\" href=\"https:\/\/kiapu.com\/ca\/politica-de-privadesa\/\" aria-label=\"Read more about Pol\u00edtica de privadesa\">Read more<\/a><\/p>\n","protected":false},"author":1,"featured_media":0,"parent":0,"menu_order":0,"comment_status":"closed","ping_status":"closed","template":"","meta":{"inline_featured_image":false,"footnotes":""},"class_list":["post-1310","page","type-page","status-publish"],"_links":{"self":[{"href":"https:\/\/kiapu.com\/ca\/wp-json\/wp\/v2\/pages\/1310","targetHints":{"allow":["GET"]}}],"collection":[{"href":"https:\/\/kiapu.com\/ca\/wp-json\/wp\/v2\/pages"}],"about":[{"href":"https:\/\/kiapu.com\/ca\/wp-json\/wp\/v2\/types\/page"}],"author":[{"embeddable":true,"href":"https:\/\/kiapu.com\/ca\/wp-json\/wp\/v2\/users\/1"}],"replies":[{"embeddable":true,"href":"https:\/\/kiapu.com\/ca\/wp-json\/wp\/v2\/comments?post=1310"}],"version-history":[{"count":0,"href":"https:\/\/kiapu.com\/ca\/wp-json\/wp\/v2\/pages\/1310\/revisions"}],"wp:attachment":[{"href":"https:\/\/kiapu.com\/ca\/wp-json\/wp\/v2\/media?parent=1310"}],"curies":[{"name":"wp","href":"https:\/\/api.w.org\/{rel}","templated":true}]}}