{"id":1315,"date":"2024-01-03T19:57:18","date_gmt":"2024-01-03T19:57:18","guid":{"rendered":"https:\/\/kiapu.com\/cuida-el-medi-ambient-amb-kiapu\/"},"modified":"2024-01-04T13:11:23","modified_gmt":"2024-01-04T13:11:23","slug":"cuida-el-medi-ambient-amb-kiapu","status":"publish","type":"page","link":"https:\/\/kiapu.com\/ca\/cuida-el-medi-ambient-amb-kiapu\/","title":{"rendered":"Cuida el medi ambient amb Kiapu!"},"content":{"rendered":"<div class=\"gb-grid-wrapper gb-grid-wrapper-be9ea49a\">\n<div class=\"gb-grid-column gb-grid-column-c81f30b8\"><div class=\"gb-container gb-container-c81f30b8\">\n\n<h2 class=\"wp-block-heading\">Pot ser que la tecnologia hagi causat el canvi clim\u00e0tic, per\u00f2 tamb\u00e9 ho pot solucionar<\/h2>\n\n\n\n<p>Sabem que el nostre medi ambient est\u00e0 en perill i que cada acci\u00f3 compta. A Kiapu ens preocupem profundament per l&#8217;impacte que tenim a la Terra. \u00c9s per aix\u00f2 que instal\u00b7lem als nostres clients el compensador d&#8217;emissions de CO2 generades pel vostre lloc web. Aquest giny de <a href=\"https:\/\/tree-nation.com\">tree-nation.com<\/a> planta arbres en funci\u00f3 del nombre de visites que rep la p\u00e0gina web.  <\/p>\n\n\n\n<h3 class=\"wp-block-heading\">Una alta, un arbre<\/h3>\n\n\n\n<p>Si has adquirit o est\u00e0s pensant en adquirir un dels nostres plans de manteniment, has pres una decisi\u00f3 excel\u00b7lent!<\/p>\n\n\n\n<p>Quan realitzis la teva comanda, rebr\u00e0s els correus electr\u00f2nics habituals de confirmaci\u00f3. Per\u00f2 aix\u00f2 no \u00e9s tot, poc despr\u00e9s tamb\u00e9 rebr\u00e0s un correu electr\u00f2nic addicional titulat \u201c <em>Kiapu t&#8217;ha regalat un arbre a Tree-Nation<\/em> \u201d. Per cada pla de manteniment que adquirisques, plantarem 1 arbre.<\/p>\n\n<\/div><\/div>\n\n<div class=\"gb-grid-column gb-grid-column-79c1b8f6\"><div class=\"gb-container gb-container-79c1b8f6\">\n\n<figure class=\"gb-block-image gb-block-image-a20ad5d5\"><img loading=\"lazy\" decoding=\"async\" width=\"743\" height=\"705\" class=\"gb-image gb-image-a20ad5d5\" src=\"https:\/\/kiapu.com\/wp-content\/uploads\/2024\/01\/perfil-kiapu-ecologia-servidores-wordpress.jpg\" alt=\"\" title=\"perfil-kiapu-ecologia-servidors-wordpress\" srcset=\"https:\/\/kiapu.com\/wp-content\/uploads\/2024\/01\/perfil-kiapu-ecologia-servidores-wordpress.jpg 743w, https:\/\/kiapu.com\/wp-content\/uploads\/2024\/01\/perfil-kiapu-ecologia-servidores-wordpress-300x285.jpg 300w\" sizes=\"auto, (max-width: 743px) 100vw, 743px\" \/><\/figure>\n\n<\/div><\/div>\n<\/div><div class=\"gb-container gb-container-2d6cd7e6\">\n\n<h3 class=\"wp-block-heading\">Un comprom\u00eds amb la sostenibilitat<\/h3>\n\n\n\n<p>No ens preocupem nom\u00e9s per plantar arbres, sin\u00f3 tamb\u00e9 per minimitzar <strong>l&#8217;impacte ambiental dels servidors dels nostres clients.<\/strong> A Kiapu, analitzem i investiguem per garantir una petjada ecol\u00f2gica m\u00ednima i promovem pr\u00e0ctiques sostenibles en totes les nostres operacions.<\/p>\n\n\n\n<p>Uneix-te a nosaltres per a un futur m\u00e9s verd. En triar Kiapu, no nom\u00e9s obtens una soluci\u00f3 tecnol\u00f2gica, sin\u00f3 tamb\u00e9 l&#8217;oportunitat de ser part del canvi cap a un m\u00f3n m\u00e9s sostenible. Uneix-te a nosaltres i planta un arbre avui mateix per construir junts un futur millor per a les generacions futures.<\/p>\n\n\n\n<p><a href=\"https:\/\/tree-nation.com\/es\/perfil\/kiapu\">Visita el nostre perfil Tree-nation<\/a><\/p>\n\n<\/div>","protected":false},"excerpt":{"rendered":"<p>Un comprom\u00eds amb la sostenibilitat No ens preocupem nom\u00e9s per plantar arbres, sin\u00f3 tamb\u00e9 per minimitzar l&#8217;impacte ambiental dels servidors dels nostres clients. A Kiapu, analitzem i investiguem per garantir una petjada ecol\u00f2gica m\u00ednima i promovem pr\u00e0ctiques sostenibles en totes les nostres operacions. Uneix-te a nosaltres per a un futur m\u00e9s verd. En triar Kiapu, &#8230; <a title=\"Cuida el medi ambient amb Kiapu!\" class=\"read-more\" href=\"https:\/\/kiapu.com\/ca\/cuida-el-medi-ambient-amb-kiapu\/\" aria-label=\"Read more about Cuida el medi ambient amb Kiapu!\">Read more<\/a><\/p>\n","protected":false},"author":1,"featured_media":0,"parent":0,"menu_order":0,"comment_status":"closed","ping_status":"closed","template":"","meta":{"inline_featured_image":false,"footnotes":""},"class_list":["post-1315","page","type-page","status-publish"],"_links":{"self":[{"href":"https:\/\/kiapu.com\/ca\/wp-json\/wp\/v2\/pages\/1315","targetHints":{"allow":["GET"]}}],"collection":[{"href":"https:\/\/kiapu.com\/ca\/wp-json\/wp\/v2\/pages"}],"about":[{"href":"https:\/\/kiapu.com\/ca\/wp-json\/wp\/v2\/types\/page"}],"author":[{"embeddable":true,"href":"https:\/\/kiapu.com\/ca\/wp-json\/wp\/v2\/users\/1"}],"replies":[{"embeddable":true,"href":"https:\/\/kiapu.com\/ca\/wp-json\/wp\/v2\/comments?post=1315"}],"version-history":[{"count":0,"href":"https:\/\/kiapu.com\/ca\/wp-json\/wp\/v2\/pages\/1315\/revisions"}],"wp:attachment":[{"href":"https:\/\/kiapu.com\/ca\/wp-json\/wp\/v2\/media?parent=1315"}],"curies":[{"name":"wp","href":"https:\/\/api.w.org\/{rel}","templated":true}]}}