{"id":1338,"date":"2024-01-03T16:21:06","date_gmt":"2024-01-03T16:21:06","guid":{"rendered":"https:\/\/kiapu.com\/plans-dafiliacio-i-revenda-kiapu\/"},"modified":"2024-01-03T21:25:28","modified_gmt":"2024-01-03T21:25:28","slug":"plans-dafiliacio-i-revenda-kiapu","status":"publish","type":"page","link":"https:\/\/kiapu.com\/ca\/plans-dafiliacio-i-revenda-kiapu\/","title":{"rendered":"Plans d&#8217;afiliaci\u00f3 i revenda Kiapu"},"content":{"rendered":"<div class=\"gb-container gb-container-91029f16\">\n<div class=\"gb-grid-wrapper gb-grid-wrapper-e6733ee3\">\n<div class=\"gb-grid-column gb-grid-column-ef35566c\"><div class=\"gb-container gb-container-ef35566c\">\n\n<figure class=\"gb-block-image gb-block-image-3a6e3264\"><img loading=\"lazy\" decoding=\"async\" width=\"1000\" height=\"751\" class=\"gb-image gb-image-3a6e3264\" src=\"https:\/\/kiapu.com\/wp-content\/uploads\/2024\/01\/reseller.gif\" alt=\"\" title=\"reseller\"><\/figure>\n\n<\/div><\/div>\n\n<div class=\"gb-grid-column gb-grid-column-e24a49d5\"><div class=\"gb-container gb-container-e24a49d5\">\n\n<h2 class=\"gb-headline gb-headline-d379b46c gb-headline-text\">Els teus WordPress impecables i sense problemes<\/h2>\n\n<\/div><\/div>\n<\/div>\n<\/div><div class=\"gb-grid-wrapper gb-grid-wrapper-d53a7ecd\">\n<div class=\"gb-grid-column gb-grid-column-bfc47620\"><div class=\"gb-container gb-container-bfc47620\">\n\n<p>A Kiapu entenem els desafiaments que enfronten les ag\u00e8ncies i els propietaris de llocs web de WordPress. Sabem que el manteniment dun lloc pot ser una tasca \u00e0rdua i consumir molt de temps, especialment quan es tenen altres responsabilitats comercials. No obstant aix\u00f2, no us preocupeu, perqu\u00e8 som aqu\u00ed per ajudar.<\/p>\n\n\n\n<p>Els nostres serveis de manteniment de WordPress garantiran que els llocs web dels vostres clients estigui sempre en \u00f2ptimes condicions i funcioni sense problemes per als usuaris. Ens encarreguem del manteniment t\u00e8cnic, les actualitzacions, les c\u00f2pies de seguretat i tots els aspectes necessaris per garantir el rendiment i la seguretat del lloc.<\/p>\n\n\n\n<p>El nostre equip est\u00e0 compost per professionals capacitats que fan aquestes tasques amb rapidesa i professionalisme. Ens assegurem d&#8217;implementar c\u00f2pies de seguretat regulars i controls adequats per evitar qualsevol contratemps o p\u00e8rdua de dades. El nostre objectiu principal \u00e9s assolir la plena satisfacci\u00f3 del client en proporcionar un servei fiable i eficient.<\/p>\n\n\n\n<p>Confieu en Kiapu per mantenir el seu lloc web funcionant sense problemes mentre vost\u00e8 senfoca en altres aspectes importants del seu negoci. Augmenti les vendes en oferir als seus usuaris una experi\u00e8ncia impecable al seu lloc web gr\u00e0cies al nostre servei integral de manteniment de WordPress.<\/p>\n\n\n\n<p>Contacta sense comprom\u00eds amb nosaltres a <a href=\"mailto:info@kiapu.tempurl.host\">info@kiapu.tempurl.host<\/a> per conservar una videotrucada amb nosaltres i preparar una proposta econ\u00f2mica de col\u00b7laboraci\u00f3.<\/p>\n\n\n\n<p><\/p>\n\n\n\n<p>Qu\u00e8 s&#8217;inclou al nostre paquet de manteniment de WordPress d&#8217;afiliaci\u00f3?  <\/p>\n\n\n\n<ul class=\"wp-block-list\">\n<li>Generosos descompte sobre el PVP.<\/li>\n\n\n\n<li>Estalvi en llic\u00e8ncies de plugins i tema dels clients.<\/li>\n\n\n\n<li>Entorn de posada en marxa gratu\u00eft.<\/li>\n\n\n\n<li>Formaci\u00f3 del panell i recursos.<\/li>\n\n\n\n<li>Panell de control centralitzat.<\/li>\n<\/ul>\n\n<\/div><\/div>\n\n<div class=\"gb-grid-column gb-grid-column-c6e701fe\"><div class=\"gb-container gb-container-c6e701fe\">\n<div class=\"gb-container gb-container-1cd7a758\">\n\n<h3 class=\"gb-headline gb-headline-b03ba4a3 gb-headline-text\">Llic\u00e8ncies incloses al pla d&#8217;afiliaci\u00f3:<\/h3>\n\n\n<div class=\"gb-container gb-container-765bcf88 alignwide\">\n<div class=\"gb-container gb-container-647820b6 gb-accordion\" data-accordion-multiple-open>\n<div class=\"gb-container gb-container-edae73b2 gb-accordion__item\" data-transition=\"slide\">\n\n<button class=\"gb-button gb-button-f0be3a58 gb-accordion__toggle\"><span class=\"gb-button-text\">GeneratePress <s>$59\/any<\/s><\/span><span class=\"gb-icon\"><svg xmlns=\"http:\/\/www.w3.org\/2000\/svg\" viewbox=\"0 0 448 512\" width=\"1em\" height=\"1em\" ariahidden=\"true\" role=\"img\" class=\"gb-accordion__icon\"><path d=\"M207.029 381.476L12.686 187.132c-9.373-9.373-9.373-24.569 0-33.941l22.667-22.667c9.357-9.357 24.522-9.375 33.901-.04L224 284.505l154.745-154.021c9.379-9.335 24.544-9.317 33.901.04l22.667 22.667c9.373 9.373 9.373 24.569 0 33.941L240.971 381.476c-9.373 9.372-24.569 9.372-33.942 0z\" fill=\"currentColor\"><\/path><\/svg><svg xmlns=\"http:\/\/www.w3.org\/2000\/svg\" viewbox=\"0 0 448 512\" width=\"1em\" height=\"1em\" ariahidden=\"true\" role=\"img\" class=\"gb-accordion__icon-open\"><path d=\"M240.971 130.524l194.343 194.343c9.373 9.373 9.373 24.569 0 33.941l-22.667 22.667c-9.357 9.357-24.522 9.375-33.901.04L224 227.495 69.255 381.516c-9.379 9.335-24.544 9.317-33.901-.04l-22.667-22.667c-9.373-9.373-9.373-24.569 0-33.941L207.03 130.525c9.372-9.373 24.568-9.373 33.941-.001z\" fill=\"currentColor\"><\/path><\/svg><\/span><\/button>\n\n\n<div class=\"gb-accordion__content\"><div class=\"gb-container gb-container-e5134406\">\n\n<p>Tema de WordPress amb codi molt optimitzat, una de les bases WordPress m\u00e9s r\u00e0pides i lleugeres.<br\/><a href=\"https:\/\/generatepress.com\/pricing\">generatepress.com<\/a><\/p>\n\n<\/div><\/div>\n<\/div>\n\n<div class=\"gb-container gb-container-3e0c3270 gb-accordion__item\" data-transition=\"slide\">\n\n<button class=\"gb-button gb-button-2c2332a5 gb-accordion__toggle\"><span class=\"gb-button-text\">Generateblocks Pro <s>$39\/any<\/s><\/span><span class=\"gb-icon\"><svg xmlns=\"http:\/\/www.w3.org\/2000\/svg\" viewbox=\"0 0 448 512\" width=\"1em\" height=\"1em\" ariahidden=\"true\" role=\"img\" class=\"gb-accordion__icon\"><path d=\"M207.029 381.476L12.686 187.132c-9.373-9.373-9.373-24.569 0-33.941l22.667-22.667c9.357-9.357 24.522-9.375 33.901-.04L224 284.505l154.745-154.021c9.379-9.335 24.544-9.317 33.901.04l22.667 22.667c9.373 9.373 9.373 24.569 0 33.941L240.971 381.476c-9.373 9.372-24.569 9.372-33.942 0z\" fill=\"currentColor\"><\/path><\/svg><svg xmlns=\"http:\/\/www.w3.org\/2000\/svg\" viewbox=\"0 0 448 512\" width=\"1em\" height=\"1em\" ariahidden=\"true\" role=\"img\" class=\"gb-accordion__icon-open\"><path d=\"M240.971 130.524l194.343 194.343c9.373 9.373 9.373 24.569 0 33.941l-22.667 22.667c-9.357 9.357-24.522 9.375-33.901.04L224 227.495 69.255 381.516c-9.379 9.335-24.544 9.317-33.901-.04l-22.667-22.667c-9.373-9.373-9.373-24.569 0-33.941L207.03 130.525c9.372-9.373 24.568-9.373 33.941-.001z\" fill=\"currentColor\"><\/path><\/svg><\/span><\/button>\n\n\n<div class=\"gb-accordion__content\"><div class=\"gb-container gb-container-2b2ef148\">\n\n<p>Plugin de blocs per a funcionalitats avan\u00e7ades.<br\/><a href=\"https:\/\/generateblocks.com\/pro\">generateblocks.com\/pro<\/a><br\/><\/p>\n\n<\/div><\/div>\n<\/div>\n\n<div class=\"gb-container gb-container-9c9b1a43 gb-accordion__item\" data-transition=\"slide\">\n\n<button class=\"gb-button gb-button-8a380177 gb-accordion__toggle\"><span class=\"gb-button-text\">WPML <s>99\u20ac\/any<\/s><\/span><span class=\"gb-icon\"><svg xmlns=\"http:\/\/www.w3.org\/2000\/svg\" viewbox=\"0 0 448 512\" width=\"1em\" height=\"1em\" ariahidden=\"true\" role=\"img\" class=\"gb-accordion__icon\"><path d=\"M207.029 381.476L12.686 187.132c-9.373-9.373-9.373-24.569 0-33.941l22.667-22.667c9.357-9.357 24.522-9.375 33.901-.04L224 284.505l154.745-154.021c9.379-9.335 24.544-9.317 33.901.04l22.667 22.667c9.373 9.373 9.373 24.569 0 33.941L240.971 381.476c-9.373 9.372-24.569 9.372-33.942 0z\" fill=\"currentColor\"><\/path><\/svg><svg xmlns=\"http:\/\/www.w3.org\/2000\/svg\" viewbox=\"0 0 448 512\" width=\"1em\" height=\"1em\" ariahidden=\"true\" role=\"img\" class=\"gb-accordion__icon-open\"><path d=\"M240.971 130.524l194.343 194.343c9.373 9.373 9.373 24.569 0 33.941l-22.667 22.667c-9.357 9.357-24.522 9.375-33.901.04L224 227.495 69.255 381.516c-9.379 9.335-24.544 9.317-33.901-.04l-22.667-22.667c-9.373-9.373-9.373-24.569 0-33.941L207.03 130.525c9.372-9.373 24.568-9.373 33.941-.001z\" fill=\"currentColor\"><\/path><\/svg><\/span><\/button>\n\n\n<div class=\"gb-accordion__content\"><div class=\"gb-container gb-container-8fa4f26d\">\n\n<p>Principal plugin de traducci\u00f3 de WordPress  <br\/><a href=\"https:\/\/wpml.org\/purchase\">wpml.org<\/a><\/p>\n\n<\/div><\/div>\n<\/div>\n\n<div class=\"gb-container gb-container-3bc8a6e5 gb-accordion__item\" data-transition=\"slide\">\n\n<button class=\"gb-button gb-button-08c52a75 gb-accordion__toggle\"><span class=\"gb-button-text\">ASTRA PRO <s>$59\/any<\/s>  <\/span><span class=\"gb-icon\"><svg xmlns=\"http:\/\/www.w3.org\/2000\/svg\" viewbox=\"0 0 448 512\" width=\"1em\" height=\"1em\" ariahidden=\"true\" role=\"img\" class=\"gb-accordion__icon\"><path d=\"M207.029 381.476L12.686 187.132c-9.373-9.373-9.373-24.569 0-33.941l22.667-22.667c9.357-9.357 24.522-9.375 33.901-.04L224 284.505l154.745-154.021c9.379-9.335 24.544-9.317 33.901.04l22.667 22.667c9.373 9.373 9.373 24.569 0 33.941L240.971 381.476c-9.373 9.372-24.569 9.372-33.942 0z\" fill=\"currentColor\"><\/path><\/svg><svg xmlns=\"http:\/\/www.w3.org\/2000\/svg\" viewbox=\"0 0 448 512\" width=\"1em\" height=\"1em\" ariahidden=\"true\" role=\"img\" class=\"gb-accordion__icon-open\"><path d=\"M240.971 130.524l194.343 194.343c9.373 9.373 9.373 24.569 0 33.941l-22.667 22.667c-9.357 9.357-24.522 9.375-33.901.04L224 227.495 69.255 381.516c-9.379 9.335-24.544 9.317-33.901-.04l-22.667-22.667c-9.373-9.373-9.373-24.569 0-33.941L207.03 130.525c9.372-9.373 24.568-9.373 33.941-.001z\" fill=\"currentColor\"><\/path><\/svg><\/span><\/button>\n\n\n<div class=\"gb-accordion__content\"><div class=\"gb-container gb-container-bd150b01\">\n\n<p>Un dels temes de WordPress m\u00e9s utilitzats pels desenvolupadors WordPress<br\/><a href=\"https:\/\/wpastra.com\/pricing\">wpastra.com<\/a> <\/p>\n\n<\/div><\/div>\n<\/div>\n\n<div class=\"gb-container gb-container-6a25d39e gb-accordion__item\" data-transition=\"slide\">\n\n<button class=\"gb-button gb-button-2adb336d gb-accordion__toggle\"><span class=\"gb-button-text\">Smush Pro <s>22\u20ac\/ <s>any<\/s><\/s><\/span><span class=\"gb-icon\"><svg xmlns=\"http:\/\/www.w3.org\/2000\/svg\" viewbox=\"0 0 448 512\" width=\"1em\" height=\"1em\" ariahidden=\"true\" role=\"img\" class=\"gb-accordion__icon\"><path d=\"M207.029 381.476L12.686 187.132c-9.373-9.373-9.373-24.569 0-33.941l22.667-22.667c9.357-9.357 24.522-9.375 33.901-.04L224 284.505l154.745-154.021c9.379-9.335 24.544-9.317 33.901.04l22.667 22.667c9.373 9.373 9.373 24.569 0 33.941L240.971 381.476c-9.373 9.372-24.569 9.372-33.942 0z\" fill=\"currentColor\"><\/path><\/svg><svg xmlns=\"http:\/\/www.w3.org\/2000\/svg\" viewbox=\"0 0 448 512\" width=\"1em\" height=\"1em\" ariahidden=\"true\" role=\"img\" class=\"gb-accordion__icon-open\"><path d=\"M240.971 130.524l194.343 194.343c9.373 9.373 9.373 24.569 0 33.941l-22.667 22.667c-9.357 9.357-24.522 9.375-33.901.04L224 227.495 69.255 381.516c-9.379 9.335-24.544 9.317-33.901-.04l-22.667-22.667c-9.373-9.373-9.373-24.569 0-33.941L207.03 130.525c9.372-9.373 24.568-9.373 33.941-.001z\" fill=\"currentColor\"><\/path><\/svg><\/span><\/button>\n\n\n<div class=\"gb-accordion__content\"><div class=\"gb-container gb-container-89912d89\">\n\n<p>Plugin de compressi\u00f3 d&#8217;imatges<br\/><a href=\"https:\/\/wpmudev.com\/project\/wp-smush-pro\/\">wpmudev.com\/wp-smush-pro<\/a><\/p>\n\n<\/div><\/div>\n<\/div>\n\n<div class=\"gb-container gb-container-46d72d07 gb-accordion__item\" data-transition=\"slide\">\n\n<button class=\"gb-button gb-button-a622ad7d gb-accordion__toggle\"><span class=\"gb-button-text\">ACF Pro <s>$49\/any<\/s> <\/span><span class=\"gb-icon\"><svg xmlns=\"http:\/\/www.w3.org\/2000\/svg\" viewbox=\"0 0 448 512\" width=\"1em\" height=\"1em\" ariahidden=\"true\" role=\"img\" class=\"gb-accordion__icon\"><path d=\"M207.029 381.476L12.686 187.132c-9.373-9.373-9.373-24.569 0-33.941l22.667-22.667c9.357-9.357 24.522-9.375 33.901-.04L224 284.505l154.745-154.021c9.379-9.335 24.544-9.317 33.901.04l22.667 22.667c9.373 9.373 9.373 24.569 0 33.941L240.971 381.476c-9.373 9.372-24.569 9.372-33.942 0z\" fill=\"currentColor\"><\/path><\/svg><svg xmlns=\"http:\/\/www.w3.org\/2000\/svg\" viewbox=\"0 0 448 512\" width=\"1em\" height=\"1em\" ariahidden=\"true\" role=\"img\" class=\"gb-accordion__icon-open\"><path d=\"M240.971 130.524l194.343 194.343c9.373 9.373 9.373 24.569 0 33.941l-22.667 22.667c-9.357 9.357-24.522 9.375-33.901.04L224 227.495 69.255 381.516c-9.379 9.335-24.544 9.317-33.901-.04l-22.667-22.667c-9.373-9.373-9.373-24.569 0-33.941L207.03 130.525c9.372-9.373 24.568-9.373 33.941-.001z\" fill=\"currentColor\"><\/path><\/svg><\/span><\/button>\n\n\n<div class=\"gb-accordion__content\"><div class=\"gb-container gb-container-8b594957\">\n\n<p>Plugin de creaci\u00f3 de tipus de continguts i camps a mida.<br\/><a href=\"https:\/\/www.advancedcustomfields.com\/pro\">advancedcustomfields.com<\/a><\/p>\n\n<\/div><\/div>\n<\/div>\n\n<div class=\"gb-container gb-container-4d680f22 gb-accordion__item\" data-transition=\"slide\">\n\n<button class=\"gb-button gb-button-1297883e gb-accordion__toggle\"><span class=\"gb-button-text\">WPRocket <s>$59\/any<\/s>  <\/span><span class=\"gb-icon\"><svg xmlns=\"http:\/\/www.w3.org\/2000\/svg\" viewbox=\"0 0 448 512\" width=\"1em\" height=\"1em\" ariahidden=\"true\" role=\"img\" class=\"gb-accordion__icon\"><path d=\"M207.029 381.476L12.686 187.132c-9.373-9.373-9.373-24.569 0-33.941l22.667-22.667c9.357-9.357 24.522-9.375 33.901-.04L224 284.505l154.745-154.021c9.379-9.335 24.544-9.317 33.901.04l22.667 22.667c9.373 9.373 9.373 24.569 0 33.941L240.971 381.476c-9.373 9.372-24.569 9.372-33.942 0z\" fill=\"currentColor\"><\/path><\/svg><svg xmlns=\"http:\/\/www.w3.org\/2000\/svg\" viewbox=\"0 0 448 512\" width=\"1em\" height=\"1em\" ariahidden=\"true\" role=\"img\" class=\"gb-accordion__icon-open\"><path d=\"M240.971 130.524l194.343 194.343c9.373 9.373 9.373 24.569 0 33.941l-22.667 22.667c-9.357 9.357-24.522 9.375-33.901.04L224 227.495 69.255 381.516c-9.379 9.335-24.544 9.317-33.901-.04l-22.667-22.667c-9.373-9.373-9.373-24.569 0-33.941L207.03 130.525c9.372-9.373 24.568-9.373 33.941-.001z\" fill=\"currentColor\"><\/path><\/svg><\/span><\/button>\n\n\n<div class=\"gb-accordion__content\"><div class=\"gb-container gb-container-4e0dcd2f\">\n\n<p>Plugin de mem\u00f2ria cau per millorar el rendiment web.<br\/><a href=\"https:\/\/wp-rocket.me\/pricing\">wp-rocket.me<\/a><\/p>\n\n<\/div><\/div>\n<\/div>\n\n<div class=\"gb-container gb-container-d7d0961e gb-accordion__item\" data-transition=\"slide\">\n\n<button class=\"gb-button gb-button-e0d5f34c gb-accordion__toggle\"><span class=\"gb-button-text\">Snapshot Pro <s>22\u20ac\/any<\/s> <\/span><span class=\"gb-icon\"><svg xmlns=\"http:\/\/www.w3.org\/2000\/svg\" viewbox=\"0 0 448 512\" width=\"1em\" height=\"1em\" ariahidden=\"true\" role=\"img\" class=\"gb-accordion__icon\"><path d=\"M207.029 381.476L12.686 187.132c-9.373-9.373-9.373-24.569 0-33.941l22.667-22.667c9.357-9.357 24.522-9.375 33.901-.04L224 284.505l154.745-154.021c9.379-9.335 24.544-9.317 33.901.04l22.667 22.667c9.373 9.373 9.373 24.569 0 33.941L240.971 381.476c-9.373 9.372-24.569 9.372-33.942 0z\" fill=\"currentColor\"><\/path><\/svg><svg xmlns=\"http:\/\/www.w3.org\/2000\/svg\" viewbox=\"0 0 448 512\" width=\"1em\" height=\"1em\" ariahidden=\"true\" role=\"img\" class=\"gb-accordion__icon-open\"><path d=\"M240.971 130.524l194.343 194.343c9.373 9.373 9.373 24.569 0 33.941l-22.667 22.667c-9.357 9.357-24.522 9.375-33.901.04L224 227.495 69.255 381.516c-9.379 9.335-24.544 9.317-33.901-.04l-22.667-22.667c-9.373-9.373-9.373-24.569 0-33.941L207.03 130.525c9.372-9.373 24.568-9.373 33.941-.001z\" fill=\"currentColor\"><\/path><\/svg><\/span><\/button>\n\n\n<div class=\"gb-accordion__content\"><div class=\"gb-container gb-container-47973c80\">\n\n<p>Plugin de c\u00f2pies de seguretat des del panell de gesti\u00f3 de WordPress<br\/><a href=\"https:\/\/wpmudev.com\/project\/snapshot\/\">wpmudev.com\/snapshot<\/a><\/p>\n\n<\/div><\/div>\n<\/div>\n\n<div class=\"gb-container gb-container-746235f7 gb-accordion__item\" data-transition=\"slide\">\n\n<button class=\"gb-button gb-button-7bb0fc33 gb-accordion__toggle\"><span class=\"gb-button-text\">PowerPack Beaver Builder <s>$69\/any<\/s> <\/span><span class=\"gb-icon\"><svg xmlns=\"http:\/\/www.w3.org\/2000\/svg\" viewbox=\"0 0 448 512\" width=\"1em\" height=\"1em\" ariahidden=\"true\" role=\"img\" class=\"gb-accordion__icon\"><path d=\"M207.029 381.476L12.686 187.132c-9.373-9.373-9.373-24.569 0-33.941l22.667-22.667c9.357-9.357 24.522-9.375 33.901-.04L224 284.505l154.745-154.021c9.379-9.335 24.544-9.317 33.901.04l22.667 22.667c9.373 9.373 9.373 24.569 0 33.941L240.971 381.476c-9.373 9.372-24.569 9.372-33.942 0z\" fill=\"currentColor\"><\/path><\/svg><svg xmlns=\"http:\/\/www.w3.org\/2000\/svg\" viewbox=\"0 0 448 512\" width=\"1em\" height=\"1em\" ariahidden=\"true\" role=\"img\" class=\"gb-accordion__icon-open\"><path d=\"M240.971 130.524l194.343 194.343c9.373 9.373 9.373 24.569 0 33.941l-22.667 22.667c-9.357 9.357-24.522 9.375-33.901.04L224 227.495 69.255 381.516c-9.379 9.335-24.544 9.317-33.901-.04l-22.667-22.667c-9.373-9.373-9.373-24.569 0-33.941L207.03 130.525c9.372-9.373 24.568-9.373 33.941-.001z\" fill=\"currentColor\"><\/path><\/svg><\/span><\/button>\n\n\n<div class=\"gb-accordion__content\"><div class=\"gb-container gb-container-d0a0279b\">\n\n<p>Plugin de components extra per a BeaverBuilder.<br\/><a href=\"https:\/\/wpbeaveraddons.com\">wpbeaveraddons.com<\/a><\/p>\n\n<\/div><\/div>\n<\/div>\n<\/div>\n<\/div>\n<\/div>\n<\/div><\/div>\n<\/div>","protected":false},"excerpt":{"rendered":"","protected":false},"author":1,"featured_media":0,"parent":0,"menu_order":0,"comment_status":"closed","ping_status":"closed","template":"","meta":{"inline_featured_image":false,"footnotes":""},"class_list":["post-1338","page","type-page","status-publish"],"_links":{"self":[{"href":"https:\/\/kiapu.com\/ca\/wp-json\/wp\/v2\/pages\/1338","targetHints":{"allow":["GET"]}}],"collection":[{"href":"https:\/\/kiapu.com\/ca\/wp-json\/wp\/v2\/pages"}],"about":[{"href":"https:\/\/kiapu.com\/ca\/wp-json\/wp\/v2\/types\/page"}],"author":[{"embeddable":true,"href":"https:\/\/kiapu.com\/ca\/wp-json\/wp\/v2\/users\/1"}],"replies":[{"embeddable":true,"href":"https:\/\/kiapu.com\/ca\/wp-json\/wp\/v2\/comments?post=1338"}],"version-history":[{"count":0,"href":"https:\/\/kiapu.com\/ca\/wp-json\/wp\/v2\/pages\/1338\/revisions"}],"wp:attachment":[{"href":"https:\/\/kiapu.com\/ca\/wp-json\/wp\/v2\/media?parent=1338"}],"curies":[{"name":"wp","href":"https:\/\/api.w.org\/{rel}","templated":true}]}}